{"id":12557,"date":"2025-07-12T11:09:36","date_gmt":"2025-07-12T08:09:36","guid":{"rendered":"https:\/\/electragora.gr\/?post_type=product&#038;p=12557"},"modified":"2025-11-22T11:49:05","modified_gmt":"2025-11-22T09:49:05","slug":"midea-air-conditioner-multi-exoteriki-monada-36kbtu-h","status":"publish","type":"product","link":"https:\/\/electragora.gr\/en\/product\/midea-air-conditioner-multi-exoteriki-monada-36kbtu-h\/","title":{"rendered":"Air Conditioner Midea Multi Outdoor Unit 36kBtu\/h"},"content":{"rendered":"<div id=\"\u0391\u03bd\u03b1\u03bb\u03c5\u03c4\u03b9\u03ba\u03ae\u03a0\u03b5\u03c1\u03b9\u03b3\u03c1\u03b1\u03c6\u03ae\">\n<h4 class=\"h-item  my-lg-5 mx-auto   pt-3  d-table half-line  font-weight-900\">Detailed description<\/h4>\n<\/div>\n<div class=\"container py-sm-1 py-lg-5 content-block\">\n<div class=\"content-block-background direction-right\">\n<div class=\"row py-3\">\n<div class=\"col-lg-6  order-1  pb-0 pb-lg-5\">\n<div class=\"content-carousel-wrapper position-relative\">\n<div id=\"content-carousel-6218\" class=\"web-carousel  activate-carousel  slick-initialized slick-slider\">\n<div class=\"slick-list draggable\">\n<div class=\"slick-track\">\n<div class=\"slick-slide slick-current slick-active\" data-slick-index=\"0\" aria-hidden=\"false\">\n<div>\n<div class=\"small-carousel-item\"><\/div>\n<\/div>\n<\/div>\n<\/div>\n<\/div>\n<\/div>\n<\/div>\n<\/div>\n<div class=\"col-lg-6   order-0 pb-sm-0 pb-lg-5\">\n<div class=\"p-sm-1 p-lg-5\">\n<h4 class=\"pt-sm-0 pt-lg-5 pb-1 red-line-bottom\">Choice of many different indoor units<\/h4>\n<p class=\"pt-sm-1 pt-lg-0 w-100\"><img decoding=\"async\" src=\"https:\/\/www.fgeurope.gr\/wp-content\/uploads\/2022\/07\/diaforetikes-esoterikes-monades.png\" \/><\/p>\n<div class=\"text-in-block-content\">\n<p>The customer can choose from a wide range of different indoor units depending on his needs.<\/p>\n<\/div>\n<p>&nbsp;<\/p>\n<\/div>\n<\/div>\n<\/div>\n<\/div>\n<\/div>\n<div class=\"container py-sm-1 py-lg-5 content-block\">\n<div class=\"content-block-background direction-left\">\n<div class=\"row py-3\">\n<div class=\"col-lg-6  order-0  pb-0 pb-lg-5\">\n<div class=\"content-carousel-wrapper position-relative\">\n<div id=\"content-carousel-946\" class=\"web-carousel  activate-carousel  slick-initialized slick-slider\">\n<div class=\"slick-list draggable\">\n<div class=\"slick-track\">\n<div class=\"slick-slide slick-current slick-active\" data-slick-index=\"0\" aria-hidden=\"false\">\n<div>\n<div class=\"small-carousel-item\"><\/div>\n<\/div>\n<\/div>\n<\/div>\n<\/div>\n<\/div>\n<\/div>\n<\/div>\n<div class=\"col-lg-6   order-1 pb-sm-0 pb-lg-5\">\n<div class=\"p-sm-1 p-lg-5\">\n<h4 class=\"pt-sm-0 pt-lg-5 pb-1 red-line-bottom\">Continuous and uninterrupted operation<\/h4>\n<p class=\"pt-sm-1 pt-lg-0 w-100\"><img decoding=\"async\" src=\"https:\/\/www.fgeurope.gr\/wp-content\/uploads\/2022\/07\/sinexis-leitourgia.png\" \/><\/p>\n<div class=\"text-in-block-content\">\n<p>Even if some indoor units are damaged or undergoing maintenance, the rest of the indoor units are functioning normally. In this way we avoid interruption of the air conditioning throughout the entire space.<\/p>\n<\/div>\n<p>&nbsp;<\/p>\n<\/div>\n<\/div>\n<\/div>\n<\/div>\n<\/div>\n<div class=\"container py-sm-1 py-lg-5 content-block\">\n<div class=\"content-block-background direction-right\">\n<div class=\"row py-3\">\n<div class=\"col-lg-6  order-1  pb-0 pb-lg-5\">\n<div class=\"content-carousel-wrapper position-relative\">\n<div id=\"content-carousel-9602\" class=\"web-carousel  activate-carousel  slick-initialized slick-slider\">\n<div class=\"slick-list draggable\">\n<div class=\"slick-track\">\n<div class=\"slick-slide slick-current slick-active\" data-slick-index=\"0\" aria-hidden=\"false\">\n<div>\n<div class=\"small-carousel-item\"><\/div>\n<\/div>\n<\/div>\n<\/div>\n<\/div>\n<\/div>\n<\/div>\n<\/div>\n<div class=\"col-lg-6   order-0 pb-sm-0 pb-lg-5\">\n<div class=\"p-sm-1 p-lg-5\">\n<h4 class=\"pt-sm-0 pt-lg-5 pb-1 red-line-bottom\">Easy repair and maintenance<\/h4>\n<p class=\"pt-sm-1 pt-lg-0 w-100\"><img decoding=\"async\" src=\"https:\/\/www.fgeurope.gr\/wp-content\/uploads\/2022\/07\/efkoli-episkevi-suntirisi.png\" \/><\/p>\n<div class=\"text-in-block-content\">\n<p><strong>Check Point button<\/strong><\/p>\n<p>Press this button and the operating parameters will be checked automatically during the operation of the device.<\/p>\n<p><strong>Display Operation status and malfunction codes<\/strong><\/p>\n<p>With this feature we can find where there is a problem without having to check all the parts of the air conditioning unit.<\/p>\n<\/div>\n<p>&nbsp;<\/p>\n<\/div>\n<\/div>\n<\/div>\n<\/div>\n<\/div>\n<div class=\"container py-sm-1 py-lg-5 content-block\">\n<div class=\"content-block-background direction-left\">\n<div class=\"row py-3\">\n<div class=\"col-lg-6  order-0  pb-0 pb-lg-5\">\n<div class=\"content-carousel-wrapper position-relative\">\n<div id=\"content-carousel-7683\" class=\"web-carousel  activate-carousel  slick-initialized slick-slider\">\n<div class=\"slick-list draggable\">\n<div class=\"slick-track\">\n<div class=\"slick-slide slick-current slick-active\" data-slick-index=\"0\" aria-hidden=\"false\">\n<div>\n<div class=\"small-carousel-item\"><\/div>\n<\/div>\n<\/div>\n<\/div>\n<\/div>\n<\/div>\n<\/div>\n<\/div>\n<div class=\"col-lg-6   order-1 pb-sm-0 pb-lg-5\">\n<div class=\"p-sm-1 p-lg-5\">\n<h4 class=\"pt-sm-0 pt-lg-5 pb-1 red-line-bottom\">Comfort<\/h4>\n<p class=\"pt-sm-1 pt-lg-0 w-100\"><img decoding=\"async\" src=\"https:\/\/www.fgeurope.gr\/wp-content\/uploads\/2022\/07\/anesi.png\" \/><\/p>\n<div class=\"text-in-block-content\">\n<p>The multi split systems from Midea give you the ability to have total control over the operation of each indoor unit in each room. You can program and adjust the operation mode and temperature of each indoor air conditioning unit as you wish.<\/p>\n<\/div>\n<p>&nbsp;<\/p>\n<\/div>\n<\/div>\n<\/div>\n<\/div>\n<\/div>\n<div class=\"container py-sm-1 py-lg-5 content-block\">\n<div class=\"content-block-background direction-right\">\n<div class=\"row py-3\">\n<div class=\"col-lg-6  order-1  pb-0 pb-lg-5\">\n<div class=\"content-carousel-wrapper position-relative\">\n<div id=\"content-carousel-416\" class=\"web-carousel  activate-carousel  slick-initialized slick-slider\">\n<div class=\"slick-list draggable\">\n<div class=\"slick-track\">\n<div class=\"slick-slide slick-current slick-active\" data-slick-index=\"0\" aria-hidden=\"false\">\n<div>\n<div class=\"small-carousel-item\"><\/div>\n<\/div>\n<\/div>\n<\/div>\n<\/div>\n<\/div>\n<\/div>\n<\/div>\n<div class=\"col-lg-6   order-0 pb-sm-0 pb-lg-5\">\n<div class=\"p-sm-1 p-lg-5\">\n<h4 class=\"pt-sm-0 pt-lg-5 pb-1 red-line-bottom\">Low noise level<\/h4>\n<p class=\"pt-sm-1 pt-lg-0 w-100\"><img decoding=\"async\" src=\"https:\/\/www.fgeurope.gr\/wp-content\/uploads\/2022\/07\/chamili-stathmi-thorivou.png\" \/><\/p>\n<div class=\"text-in-block-content\">\n<p>When the outside temperature drops (especially during the night) the air conditioning unit operates at a very low noise level. The operation of the inverter and the DC fan motor is automatically adjusted to reduce the noise generated.<\/p>\n<\/div>\n<p>&nbsp;<\/p>\n<\/div>\n<\/div>\n<\/div>\n<\/div>\n<\/div>\n<div id=\"\u03a4\u03b5\u03c7\u03bd\u03b9\u03ba\u03ac\u03c7\u03b1\u03c1\u03b1\u03ba\u03c4\u03b7\u03c1\u03b9\u03c3\u03c4\u03b9\u03ba\u03ac\">\n<h4 class=\"h-item  my-lg-5 mx-auto   pt-3  d-table half-line  font-weight-900\">Technical Characteristics<\/h4>\n<\/div>\n<div class=\"product-attributes product-attributes-grid\">\n<div class=\"container py-4\">\n<table class=\"table table-hover table-bordered aaa\">\n<tbody>\n<tr class=\"has-transition\">\n<th scope=\"row\">Rated Capacity Btu\/h<\/th>\n<td>36000<\/td>\n<\/tr>\n<tr class=\"has-transition\">\n<th scope=\"row\">External Unit Code<\/th>\n<td>M4O-36FN8-Q<\/td>\n<\/tr>\n<tr class=\"has-transition\">\n<th scope=\"row\">Type of operation<\/th>\n<td>\u03a8\/\u0398<\/td>\n<\/tr>\n<tr class=\"has-transition\">\n<th scope=\"row\">Operating voltage V-Hz-Ph<\/th>\n<td>220-240V, 50Hz, 1Ph<\/td>\n<\/tr>\n<tr class=\"has-transition\">\n<th scope=\"row\">Cooling Capacity Btu\/h<\/th>\n<td>36000(9342-38528)<\/td>\n<\/tr>\n<tr class=\"has-transition\">\n<th scope=\"row\">Cooling Capacity kW<\/th>\n<td>10,55 (2,73~11,29)<\/td>\n<\/tr>\n<tr class=\"has-transition\">\n<th scope=\"row\">Thermal Performance kW<\/th>\n<td>10,55 (3,60~10,83)<\/td>\n<\/tr>\n<tr class=\"has-transition\">\n<th scope=\"row\">Thermal Performance Btu\/h<\/th>\n<td>36000(12283-36969)<\/td>\n<\/tr>\n<tr class=\"has-transition\">\n<th scope=\"row\">Liquid\/Gas Piping Diameter mm<\/th>\n<td>4\u00d76.35mm(4\u00d71\/4in)\/3\u00d79.52mm+1\u00d712.7mm(3\u00d73\/8in+1\u00d71\/2in)<\/td>\n<\/tr>\n<tr class=\"has-transition\">\n<th scope=\"row\">Noise level<\/th>\n<td>55<\/td>\n<\/tr>\n<tr class=\"has-transition\">\n<th scope=\"row\">Sound power of outdoor unit in dB(A)<\/th>\n<td>70<\/td>\n<\/tr>\n<tr class=\"has-transition\">\n<th scope=\"row\">Air supply m\u00b3\/h (Y) Outdoor<\/th>\n<td>4000<\/td>\n<\/tr>\n<tr class=\"has-transition\">\n<th scope=\"row\">Dimensions (H x W x D) mm<\/th>\n<td>810x946x410<\/td>\n<\/tr>\n<tr class=\"has-transition\">\n<th scope=\"row\">Weight (Net) kg<\/th>\n<td>68.8<\/td>\n<\/tr>\n<tr class=\"has-transition\">\n<th scope=\"row\">Maximum Pipe Length m<\/th>\n<td>80 (35 for an indoor unit)<\/td>\n<\/tr>\n<tr class=\"has-transition\">\n<th scope=\"row\">Maximum Altitude Difference m<\/th>\n<td>15 Between Internal and External Unit \/ 10 Difference Between Internal Units<\/td>\n<\/tr>\n<tr class=\"has-transition\">\n<th scope=\"row\">Operating Range of Outdoor Temperature (Cooling) \u2103<\/th>\n<td>-15~50<\/td>\n<\/tr>\n<tr class=\"has-transition\">\n<th scope=\"row\">Operating Range of Outdoor Temperature (Heating) \u2103<\/th>\n<td>-15~24<\/td>\n<\/tr>\n<tr class=\"has-transition\">\n<th scope=\"row\">Cooling Liquid<\/th>\n<td>R32<\/td>\n<\/tr>\n<tr class=\"has-transition\">\n<th scope=\"row\">Guarantee<\/th>\n<td>3 years for all parts and 10 years for the compressor<\/td>\n<\/tr>\n<\/tbody>\n<\/table>\n<\/div>\n<div class=\"disclaimer container\">\n<div class=\"row\">\n<div class=\"col-auto\">\n<p>&nbsp;<\/p>\n<p><i><em>(The above technical characteristics are mentioned in conjunction with model AG2Eco-09NXD0-I)<\/em><\/i><\/p>\n<p><i><\/i>&nbsp;<\/p>\n<\/div>\n<\/div>\n<\/div>\n<div class=\"disclaimer container\">\n<div class=\"row\">\n<div class=\"col-auto\">\n<p><i>The company has made every effort to avoid typographical errors.<\/i><\/p>\n<\/div>\n<\/div>\n<\/div>\n<\/div>\n<div id=\"\u039b\u03b5\u03b9\u03c4\u03bf\u03c5\u03c1\u03b3\u03af\u03b5\u03c2\">\n<h4 class=\"h-item  my-lg-5 mx-auto   pt-3  d-table half-line  font-weight-900\">Functions<\/h4>\n<\/div>\n<div class=\"icn-blocks\">\n<div class=\"container py-4\">\n<div class=\"row row-eq-height justify-content-center\">\n<div class=\"col-lg-12\">\n<div class=\"container-fluid p-0\">\n<div class=\"row\">\n<div class=\"col-lg-4\">\n<div class=\"container-fluid p-0\">\n<div class=\"row row-eq-height\">\n<div class=\"col-md-3\"><img loading=\"lazy\" decoding=\"async\" class=\"img-fluid\" src=\"https:\/\/www.fgeurope.gr\/wp-content\/uploads\/2022\/04\/Golden-Fin.png\" alt=\"Prime Guard\" width=\"57\" height=\"57\" \/><img loading=\"lazy\" decoding=\"async\" class=\"img-fluid\" src=\"https:\/\/www.fgeurope.gr\/wp-content\/uploads\/2022\/04\/Diamond-Cabinet.png\" alt=\"Diamond Cabinet\" width=\"57\" height=\"57\" \/><img loading=\"lazy\" decoding=\"async\" class=\"img-fluid\" src=\"https:\/\/www.fgeurope.gr\/wp-content\/uploads\/2021\/10\/ICON-4.png\" alt=\"R32\" width=\"63\" height=\"63\" \/><\/div>\n<\/div>\n<\/div>\n<\/div>\n<\/div>\n<\/div>\n<\/div>\n<\/div>\n<\/div>\n<\/div>","protected":false},"excerpt":{"rendered":"<div class=\"line-height-2\"><strong>Internal Unit Code:<\/strong>\u00a0<span class=\"font-weight-normal text-muted\">N\/A-1<\/span><\/div>\n<div class=\"line-height-2\"><strong>External Unit Code:<\/strong>\u00a0<span class=\"font-weight-normal text-muted\">M4O-36FN8-Q<\/span><\/div>\n<hr \/>\n<div class=\"line-height-2\">\n<div class=\"font-weight-bold d-flex product-attributes\">Rated Capacity Btu\/h: 36000<\/div>\n<div class=\"font-weight-bold d-flex product-attributes\">Outdoor Unit Code: M4O-36FN8-Q<\/div>\n<div class=\"font-weight-bold d-flex product-attributes\">Type of Operation: \u03a8\/\u0398<\/div>\n<div class=\"font-weight-bold d-flex product-attributes\">Operating voltage V-Hz-Ph: 220-240V, 50Hz, 1Ph<\/div>\n<div class=\"font-weight-bold d-flex product-attributes\">Cooling Capacity Btu\/h: 36000(9342-38528)<\/div>\n<\/div>\n<div class=\"d-inline-block  pr-1 py-3\"><img decoding=\"async\" class=\"\" src=\"https:\/\/www.fgeurope.gr\/wp-content\/uploads\/2022\/04\/Golden-Fin.png\" alt=\"\" width=\"40\" height=\"auto\" \/><img decoding=\"async\" class=\"\" src=\"https:\/\/www.fgeurope.gr\/wp-content\/uploads\/2022\/04\/Diamond-Cabinet.png\" alt=\"\" width=\"40\" height=\"auto\" \/><img decoding=\"async\" class=\"\" src=\"https:\/\/www.fgeurope.gr\/wp-content\/uploads\/2021\/10\/ICON-4.png\" alt=\"\" width=\"40\" height=\"auto\" \/><\/div>","protected":false},"featured_media":12565,"comment_status":"open","ping_status":"closed","template":"","meta":{"_uag_custom_page_level_css":""},"product_brand":[],"product_cat":[275],"product_tag":[],"class_list":{"0":"post-12557","1":"product","2":"type-product","3":"status-publish","4":"has-post-thumbnail","6":"product_cat-multi-split","7":"has-post-title","8":"has-post-date","9":"has-post-category","10":"has-post-tag","11":"has-post-comment","12":"has-post-author","13":"","15":"first","16":"instock","17":"shipping-taxable","18":"purchasable","19":"product-type-simple"},"uagb_featured_image_src":{"full":["https:\/\/electragora.gr\/wp-content\/uploads\/2025\/07\/Midea-Multi-36kBtuh-image-8-electragora_kokosis.webp",1000,1000,false],"thumbnail":["https:\/\/electragora.gr\/wp-content\/uploads\/2025\/07\/Midea-Multi-36kBtuh-image-8-electragora_kokosis.webp",150,150,false],"medium":["https:\/\/electragora.gr\/wp-content\/uploads\/2025\/07\/Midea-Multi-36kBtuh-image-8-electragora_kokosis.webp",300,300,false],"medium_large":["https:\/\/electragora.gr\/wp-content\/uploads\/2025\/07\/Midea-Multi-36kBtuh-image-8-electragora_kokosis.webp",768,768,false],"large":["https:\/\/electragora.gr\/wp-content\/uploads\/2025\/07\/Midea-Multi-36kBtuh-image-8-electragora_kokosis.webp",1000,1000,false],"1536x1536":["https:\/\/electragora.gr\/wp-content\/uploads\/2025\/07\/Midea-Multi-36kBtuh-image-8-electragora_kokosis.webp",1000,1000,false],"2048x2048":["https:\/\/electragora.gr\/wp-content\/uploads\/2025\/07\/Midea-Multi-36kBtuh-image-8-electragora_kokosis.webp",1000,1000,false],"trp-custom-language-flag":["https:\/\/electragora.gr\/wp-content\/uploads\/2025\/07\/Midea-Multi-36kBtuh-image-8-electragora_kokosis.webp",12,12,false],"woocommerce_thumbnail":["https:\/\/electragora.gr\/wp-content\/uploads\/2025\/07\/Midea-Multi-36kBtuh-image-8-electragora_kokosis.webp",1000,1000,false],"woocommerce_single":["https:\/\/electragora.gr\/wp-content\/uploads\/2025\/07\/Midea-Multi-36kBtuh-image-8-electragora_kokosis.webp",1000,1000,false],"woocommerce_gallery_thumbnail":["https:\/\/electragora.gr\/wp-content\/uploads\/2025\/07\/Midea-Multi-36kBtuh-image-8-electragora_kokosis.webp",100,100,false],"dgwt-wcas-product-suggestion":["https:\/\/electragora.gr\/wp-content\/uploads\/2025\/07\/Midea-Multi-36kBtuh-image-8-electragora_kokosis.webp",64,64,false]},"uagb_author_info":{"display_name":"hw_diaxeiristis","author_link":"https:\/\/electragora.gr\/en\/author\/"},"uagb_comment_info":0,"uagb_excerpt":"\u039a\u03c9\u03b4\u03b9\u03ba\u03cc\u03c2 \u0395\u03c3\u03c9\u03c4\u03b5\u03c1\u03b9\u03ba\u03ae\u03c2 \u039c\u03bf\u03bd\u03ac\u03b4\u03b1\u03c2:\u00a0N\/A-1 \u039a\u03c9\u03b4\u03b9\u03ba\u03cc\u03c2 \u0395\u03be\u03c9\u03c4\u03b5\u03c1\u03b9\u03ba\u03ae\u03c2 \u039c\u03bf\u03bd\u03ac\u03b4\u03b1\u03c2:\u00a0M4O-36FN8-Q \u039f\u03bd\u03bf\u03bc\u03b1\u03c3\u03c4\u03b9\u03ba\u03ae \u0391\u03c0\u03cc\u03b4\u03bf\u03c3\u03b7 Btu\/h: 36000 \u039a\u03c9\u03b4\u03b9\u03ba\u03cc\u03c2 \u0395\u03be\u03c9\u03c4\u03b5\u03c1\u03b9\u03ba\u03ae\u03c2 \u039c\u03bf\u03bd\u03ac\u03b4\u03b1\u03c2: M4O-36FN8-Q \u03a4\u03cd\u03c0\u03bf\u03c2 \u039b\u03b5\u03b9\u03c4\u03bf\u03c5\u03c1\u03b3\u03af\u03b1\u03c2: \u03a8\/\u0398 \u03a4\u03ac\u03c3\u03b7 \u039b\u03b5\u03b9\u03c4\u03bf\u03c5\u03c1\u03b3\u03af\u03b1\u03c2 V-Hz-Ph: 220-240V, 50Hz, 1Ph \u03a8\u03c5\u03ba\u03c4\u03b9\u03ba\u03ae \u0391\u03c0\u03cc\u03b4\u03bf\u03c3\u03b7 Btu\/h: 36000(9342-38528)","builder_content":"","_links":{"self":[{"href":"https:\/\/electragora.gr\/en\/wp-json\/wp\/v2\/product\/12557","targetHints":{"allow":["GET"]}}],"collection":[{"href":"https:\/\/electragora.gr\/en\/wp-json\/wp\/v2\/product"}],"about":[{"href":"https:\/\/electragora.gr\/en\/wp-json\/wp\/v2\/types\/product"}],"replies":[{"embeddable":true,"href":"https:\/\/electragora.gr\/en\/wp-json\/wp\/v2\/comments?post=12557"}],"wp:featuredmedia":[{"embeddable":true,"href":"https:\/\/electragora.gr\/en\/wp-json\/wp\/v2\/media\/12565"}],"wp:attachment":[{"href":"https:\/\/electragora.gr\/en\/wp-json\/wp\/v2\/media?parent=12557"}],"wp:term":[{"taxonomy":"product_brand","embeddable":true,"href":"https:\/\/electragora.gr\/en\/wp-json\/wp\/v2\/product_brand?post=12557"},{"taxonomy":"product_cat","embeddable":true,"href":"https:\/\/electragora.gr\/en\/wp-json\/wp\/v2\/product_cat?post=12557"},{"taxonomy":"product_tag","embeddable":true,"href":"https:\/\/electragora.gr\/en\/wp-json\/wp\/v2\/product_tag?post=12557"}],"curies":[{"name":"wp","href":"https:\/\/api.w.org\/{rel}","templated":true}]}}