{"id":3170,"date":"2023-06-08T19:15:44","date_gmt":"2023-06-08T16:15:44","guid":{"rendered":"https:\/\/electragora.gr\/?post_type=product&#038;p=3170"},"modified":"2026-02-18T21:39:37","modified_gmt":"2026-02-18T19:39:37","slug":"psygeiokatapsyktis-hisense-rb440n4gbe","status":"publish","type":"product","link":"https:\/\/electragora.gr\/en\/product\/psygeiokatapsyktis-hisense-rb440n4gbe\/","title":{"rendered":"Refrigerator Hisense RB440N4GBE"},"content":{"rendered":"<div id=\"product-media\" class=\"col align-items-center\">\n<div class=\"product-images owl-carousel owl-theme flex-one col md-row justify-between\"><img loading=\"lazy\" decoding=\"async\" class=\"lightbox\" src=\"https:\/\/www.electronet.gr\/sites\/default\/files\/styles\/product_large\/public\/230755.jpg.webp?itok=jgF6lK3I\" alt=\"Refrigerator Hisense RB440N4GBE Black Glass E\" width=\"460\" height=\"480\" data-total=\"3\" \/><img loading=\"lazy\" decoding=\"async\" class=\"lightbox\" src=\"https:\/\/www.electronet.gr\/sites\/default\/files\/styles\/product_large\/public\/230755_1.jpg.webp?itok=V4LkVztd\" alt=\"Refrigerator Hisense RB440N4GBE Black Glass E\" width=\"460\" height=\"480\" data-total=\"3\" \/><img loading=\"lazy\" decoding=\"async\" class=\"lightbox\" src=\"https:\/\/www.electronet.gr\/sites\/default\/files\/styles\/product_large\/public\/230755_8.jpg.webp?itok=-zATPx8f\" alt=\"Refrigerator Hisense RB440N4GBE Black Glass E\" width=\"460\" height=\"480\" data-total=\"3\" \/><\/div>\n<\/div>\n<div id=\"product-presentation\" class=\"col\">\n<h2 class=\"subtitle m-0 font-size-28 font-weight-700 color-non-black\">Product Presentation<\/h2>\n<div class=\"ck-text inline\">\n<div class=\"middle-align\">\n<h2>Total No Frost<\/h2>\n<p>The use of No Frost technology prevents food from freezing, keeping it fresh and nutritious for longer!<\/p>\n<p>&nbsp;<\/p>\n<\/div>\n<div class=\"image\"><img loading=\"lazy\" decoding=\"async\" src=\"https:\/\/www.electronet.gr\/sites\/default\/files\/sites\/default\/files\/custom\/RL481N4BIE.jpg\" alt=\"\" width=\"750\" height=\"375\" \/><\/div>\n<\/div>\n<div class=\"ck-text inline left-banner\">\n<div class=\"image\"><img loading=\"lazy\" decoding=\"async\" src=\"https:\/\/www.electronet.gr\/sites\/default\/files\/sites\/default\/files\/custom\/RT422N4AWF.jpg\" alt=\"\" width=\"518\" height=\"540\" \/><\/div>\n<div class=\"middle-align\">\n<h2>Fresh Zone freshness drawer<\/h2>\n<p>This special drawer allows you to keep your fruit and vegetables in ideal conditions, without them spoiling in the slightest.<\/p>\n<\/div>\n<\/div>\n<div class=\"ck-text inline\">\n<div class=\"middle-align\">\n<h2>LED lighting<\/h2>\n<p>LED lighting gives the interior a more abundant and more pleasant light, contributing to energy savings compared to traditional lamps.<\/p>\n<\/div>\n<div class=\"image\"><img loading=\"lazy\" decoding=\"async\" src=\"https:\/\/www.electronet.gr\/sites\/default\/files\/sites\/default\/files\/custom\/RT422N4AWF-3.jpg\" alt=\"\" width=\"518\" height=\"540\" \/><\/div>\n<\/div>\n<\/div>","protected":false},"excerpt":{"rendered":"<p><strong>Refrigerator RB440N4GBE<\/strong><\/p>\n<ul>\n<li>Total usable capacity:\u00a0<strong>336 lt<\/strong><\/li>\n<li>Useful maintenance capacity:\u00a0<strong>238 lt<\/strong><\/li>\n<li>Useful freezer capacity:\u00a0<strong>98 lt<\/strong><\/li>\n<li>Energy class E<\/li>\n<li><strong>Total No Frost\u00a0<\/strong><\/li>\n<li><b>Drawer Fresh Zone<\/b><\/li>\n<li><strong>LED lighting<\/strong>\u00a0in the field of maintenance<\/li>\n<li>Door reversibility<\/li>\n<li>Noise level : 39dbA<\/li>\n<li>Net Dimensions WxWxD(cm) : 59,5\u00d759\u00d7200\u00d7200,4<\/li>\n<li>Color:\u00a0<strong>Black Glass<\/strong><\/li>\n<\/ul>","protected":false},"featured_media":3169,"comment_status":"closed","ping_status":"closed","template":"","meta":{"_uag_custom_page_level_css":""},"product_brand":[],"product_cat":[33,60,64],"product_tag":[],"class_list":{"0":"post-3170","1":"product","2":"type-product","3":"status-publish","4":"has-post-thumbnail","6":"product_cat-oikiakes-syskeves","7":"product_cat-refrigerators-freezers-2","8":"product_cat-refrigerators-and-freezers","9":"has-post-title","10":"has-post-date","11":"has-post-category","12":"has-post-tag","13":"has-post-comment","14":"has-post-author","15":"","17":"first","18":"instock","19":"shipping-taxable","20":"purchasable","21":"product-type-simple"},"uagb_featured_image_src":{"full":["https:\/\/electragora.gr\/wp-content\/uploads\/2023\/06\/electragora-eshop-fridge-hisense-3-RB440N4GBE.jpeg",900,900,false],"thumbnail":["https:\/\/electragora.gr\/wp-content\/uploads\/2023\/06\/electragora-eshop-fridge-hisense-3-RB440N4GBE.jpeg",150,150,false],"medium":["https:\/\/electragora.gr\/wp-content\/uploads\/2023\/06\/electragora-eshop-fridge-hisense-3-RB440N4GBE.jpeg",300,300,false],"medium_large":["https:\/\/electragora.gr\/wp-content\/uploads\/2023\/06\/electragora-eshop-fridge-hisense-3-RB440N4GBE.jpeg",768,768,false],"large":["https:\/\/electragora.gr\/wp-content\/uploads\/2023\/06\/electragora-eshop-fridge-hisense-3-RB440N4GBE.jpeg",900,900,false],"1536x1536":["https:\/\/electragora.gr\/wp-content\/uploads\/2023\/06\/electragora-eshop-fridge-hisense-3-RB440N4GBE.jpeg",900,900,false],"2048x2048":["https:\/\/electragora.gr\/wp-content\/uploads\/2023\/06\/electragora-eshop-fridge-hisense-3-RB440N4GBE.jpeg",900,900,false],"trp-custom-language-flag":["https:\/\/electragora.gr\/wp-content\/uploads\/2023\/06\/electragora-eshop-fridge-hisense-3-RB440N4GBE.jpeg",12,12,false],"woocommerce_thumbnail":["https:\/\/electragora.gr\/wp-content\/uploads\/2023\/06\/electragora-eshop-fridge-hisense-3-RB440N4GBE.jpeg",900,900,false],"woocommerce_single":["https:\/\/electragora.gr\/wp-content\/uploads\/2023\/06\/electragora-eshop-fridge-hisense-3-RB440N4GBE.jpeg",900,900,false],"woocommerce_gallery_thumbnail":["https:\/\/electragora.gr\/wp-content\/uploads\/2023\/06\/electragora-eshop-fridge-hisense-3-RB440N4GBE.jpeg",100,100,false],"dgwt-wcas-product-suggestion":["https:\/\/electragora.gr\/wp-content\/uploads\/2023\/06\/electragora-eshop-fridge-hisense-3-RB440N4GBE.jpeg",64,64,false]},"uagb_author_info":{"display_name":"hw_diaxeiristis","author_link":"https:\/\/electragora.gr\/en\/author\/"},"uagb_comment_info":0,"uagb_excerpt":"\u03a8\u03c5\u03b3\u03b5\u03b9\u03bf\u03ba\u03b1\u03c4\u03b1\u03c8\u03cd\u03ba\u03c4\u03b7\u03c2 RB440N4GBE \u03a3\u03c5\u03bd\u03bf\u03bb\u03b9\u03ba\u03ae \u03c9\u03c6\u03ad\u03bb\u03b9\u03bc\u03b7 \u03c7\u03c9\u03c1\u03b7\u03c4\u03b9\u03ba\u03cc\u03c4\u03b7\u03c4\u03b1:\u00a0336 lt \u03a9\u03c6\u03ad\u03bb\u03b9\u03bc\u03b7 \u03c7\u03c9\u03c1\u03b7\u03c4\u03b9\u03ba\u03cc\u03c4\u03b7\u03c4\u03b1 \u03c3\u03c5\u03bd\u03c4\u03ae\u03c1\u03b7\u03c3\u03b7\u03c2:\u00a0238 lt \u03a9\u03c6\u03ad\u03bb\u03b9\u03bc\u03b7 \u03c7\u03c9\u03c1\u03b7\u03c4\u03b9\u03ba\u03cc\u03c4\u03b7\u03c4\u03b1 \u03ba\u03b1\u03c4\u03ac\u03c8\u03c5\u03be\u03b7\u03c2:\u00a098 lt \u0395\u03bd\u03b5\u03c1\u03b3\u03b5\u03b9\u03b1\u03ba\u03ae \u03ba\u03bb\u03ac\u03c3\u03b7 E Total No Frost\u00a0 \u03a3\u03c5\u03c1\u03c4\u03ac\u03c1\u03b9 Fresh Zone LED lighting\u00a0\u03c3\u03c4\u03bf \u03c7\u03ce\u03c1\u03bf \u03c4\u03b7\u03c2 \u03c3\u03c5\u03bd\u03c4\u03ae\u03c1\u03b7\u03c3\u03b7\u03c2 \u0394\u03c5\u03bd\u03b1\u03c4\u03cc\u03c4\u03b7\u03c4\u03b1 \u03b1\u03bd\u03b1\u03c3\u03c4\u03c1\u03bf\u03c6\u03ae\u03c2 \u03c0\u03cc\u03c1\u03c4\u03b1\u03c2 \u0395\u03c0\u03af\u03c0\u03b5\u03b4\u03bf \u03b8\u03bf\u03c1\u03cd\u03b2\u03bf\u03c5 : 39dbA \u039a\u03b1\u03b8\u03b1\u03c1\u03ad\u03c2 \u0394\u03b9\u03b1\u03c3\u03c4\u03ac\u03c3\u03b5\u03b9\u03c2 \u03a0x\u0392x\u03a5(cm) : 59,5\u00d759\u00d7200,4 \u03a7\u03c1\u03ce\u03bc\u03b1:\u00a0\u039c\u03b1\u03cd\u03c1\u03bf \u0393\u03c5\u03b1\u03bb\u03af","builder_content":"","_links":{"self":[{"href":"https:\/\/electragora.gr\/en\/wp-json\/wp\/v2\/product\/3170","targetHints":{"allow":["GET"]}}],"collection":[{"href":"https:\/\/electragora.gr\/en\/wp-json\/wp\/v2\/product"}],"about":[{"href":"https:\/\/electragora.gr\/en\/wp-json\/wp\/v2\/types\/product"}],"replies":[{"embeddable":true,"href":"https:\/\/electragora.gr\/en\/wp-json\/wp\/v2\/comments?post=3170"}],"wp:featuredmedia":[{"embeddable":true,"href":"https:\/\/electragora.gr\/en\/wp-json\/wp\/v2\/media\/3169"}],"wp:attachment":[{"href":"https:\/\/electragora.gr\/en\/wp-json\/wp\/v2\/media?parent=3170"}],"wp:term":[{"taxonomy":"product_brand","embeddable":true,"href":"https:\/\/electragora.gr\/en\/wp-json\/wp\/v2\/product_brand?post=3170"},{"taxonomy":"product_cat","embeddable":true,"href":"https:\/\/electragora.gr\/en\/wp-json\/wp\/v2\/product_cat?post=3170"},{"taxonomy":"product_tag","embeddable":true,"href":"https:\/\/electragora.gr\/en\/wp-json\/wp\/v2\/product_tag?post=3170"}],"curies":[{"name":"wp","href":"https:\/\/api.w.org\/{rel}","templated":true}]}}